{"id":15,"date":"2019-07-29T11:11:26","date_gmt":"2019-07-29T11:11:26","guid":{"rendered":"https:\/\/ld-wp73.template-help.com\/wordpress\/prod_470\/v2\/?page_id=15"},"modified":"2020-09-14T21:08:05","modified_gmt":"2020-09-14T19:08:05","slug":"kravmaga","status":"publish","type":"page","link":"https:\/\/www.kravmaga-klagenfurt.at\/site\/kravmaga\/","title":{"rendered":"Krav Maga"},"content":{"rendered":"\t\t<div data-elementor-type=\"wp-post\" data-elementor-id=\"15\" class=\"elementor elementor-15\">\n\t\t\t\t\t\t<section class=\"elementor-section elementor-top-section elementor-element elementor-element-5058d16 elementor-section-boxed elementor-section-height-default elementor-section-height-default\" data-id=\"5058d16\" data-element_type=\"section\" data-settings=\"{&quot;jet_parallax_layout_list&quot;:[{&quot;jet_parallax_layout_image&quot;:{&quot;url&quot;:&quot;&quot;,&quot;id&quot;:&quot;&quot;,&quot;size&quot;:&quot;&quot;},&quot;_id&quot;:&quot;aa899d4&quot;,&quot;jet_parallax_layout_image_tablet&quot;:{&quot;url&quot;:&quot;&quot;,&quot;id&quot;:&quot;&quot;,&quot;size&quot;:&quot;&quot;},&quot;jet_parallax_layout_image_mobile&quot;:{&quot;url&quot;:&quot;&quot;,&quot;id&quot;:&quot;&quot;,&quot;size&quot;:&quot;&quot;},&quot;jet_parallax_layout_speed&quot;:{&quot;unit&quot;:&quot;%&quot;,&quot;size&quot;:50,&quot;sizes&quot;:[]},&quot;jet_parallax_layout_type&quot;:&quot;scroll&quot;,&quot;jet_parallax_layout_direction&quot;:null,&quot;jet_parallax_layout_fx_direction&quot;:null,&quot;jet_parallax_layout_z_index&quot;:&quot;&quot;,&quot;jet_parallax_layout_bg_x&quot;:50,&quot;jet_parallax_layout_bg_x_tablet&quot;:&quot;&quot;,&quot;jet_parallax_layout_bg_x_mobile&quot;:&quot;&quot;,&quot;jet_parallax_layout_bg_y&quot;:50,&quot;jet_parallax_layout_bg_y_tablet&quot;:&quot;&quot;,&quot;jet_parallax_layout_bg_y_mobile&quot;:&quot;&quot;,&quot;jet_parallax_layout_bg_size&quot;:&quot;auto&quot;,&quot;jet_parallax_layout_bg_size_tablet&quot;:&quot;&quot;,&quot;jet_parallax_layout_bg_size_mobile&quot;:&quot;&quot;,&quot;jet_parallax_layout_animation_prop&quot;:&quot;transform&quot;,&quot;jet_parallax_layout_on&quot;:[&quot;desktop&quot;,&quot;tablet&quot;]}]}\">\n\t\t\t\t\t\t<div class=\"elementor-container elementor-column-gap-default\">\n\t\t\t\t\t<div class=\"elementor-column elementor-col-100 elementor-top-column elementor-element elementor-element-5cfea41\" data-id=\"5cfea41\" data-element_type=\"column\">\n\t\t\t<div class=\"elementor-widget-wrap elementor-element-populated\">\n\t\t\t\t\t\t<div class=\"elementor-element elementor-element-1eba2e7 elementor-widget elementor-widget-heading\" data-id=\"1eba2e7\" data-element_type=\"widget\" data-widget_type=\"heading.default\">\n\t\t\t\t<div class=\"elementor-widget-container\">\n\t\t\t<h2 class=\"elementor-heading-title elementor-size-default\">KRav Maga<\/h2>\t\t<\/div>\n\t\t\t\t<\/div>\n\t\t\t\t<div class=\"elementor-element elementor-element-f674428 elementor-widget-divider--view-line elementor-widget elementor-widget-divider\" data-id=\"f674428\" data-element_type=\"widget\" data-widget_type=\"divider.default\">\n\t\t\t\t<div class=\"elementor-widget-container\">\n\t\t\t\t\t<div class=\"elementor-divider\">\n\t\t\t<span class=\"elementor-divider-separator\">\n\t\t\t\t\t\t<\/span>\n\t\t<\/div>\n\t\t\t\t<\/div>\n\t\t\t\t<\/div>\n\t\t\t\t\t<\/div>\n\t\t<\/div>\n\t\t\t\t\t<\/div>\n\t\t<\/section>\n\t\t\t\t<section class=\"elementor-section elementor-top-section elementor-element elementor-element-9e28562 elementor-section-boxed elementor-section-height-default elementor-section-height-default\" data-id=\"9e28562\" data-element_type=\"section\" data-settings=\"{&quot;jet_parallax_layout_list&quot;:[{&quot;jet_parallax_layout_image&quot;:{&quot;url&quot;:&quot;&quot;,&quot;id&quot;:&quot;&quot;,&quot;size&quot;:&quot;&quot;},&quot;_id&quot;:&quot;30917da&quot;,&quot;jet_parallax_layout_image_tablet&quot;:{&quot;url&quot;:&quot;&quot;,&quot;id&quot;:&quot;&quot;,&quot;size&quot;:&quot;&quot;},&quot;jet_parallax_layout_image_mobile&quot;:{&quot;url&quot;:&quot;&quot;,&quot;id&quot;:&quot;&quot;,&quot;size&quot;:&quot;&quot;},&quot;jet_parallax_layout_speed&quot;:{&quot;unit&quot;:&quot;%&quot;,&quot;size&quot;:50,&quot;sizes&quot;:[]},&quot;jet_parallax_layout_type&quot;:&quot;scroll&quot;,&quot;jet_parallax_layout_direction&quot;:null,&quot;jet_parallax_layout_fx_direction&quot;:null,&quot;jet_parallax_layout_z_index&quot;:&quot;&quot;,&quot;jet_parallax_layout_bg_x&quot;:50,&quot;jet_parallax_layout_bg_x_tablet&quot;:&quot;&quot;,&quot;jet_parallax_layout_bg_x_mobile&quot;:&quot;&quot;,&quot;jet_parallax_layout_bg_y&quot;:50,&quot;jet_parallax_layout_bg_y_tablet&quot;:&quot;&quot;,&quot;jet_parallax_layout_bg_y_mobile&quot;:&quot;&quot;,&quot;jet_parallax_layout_bg_size&quot;:&quot;auto&quot;,&quot;jet_parallax_layout_bg_size_tablet&quot;:&quot;&quot;,&quot;jet_parallax_layout_bg_size_mobile&quot;:&quot;&quot;,&quot;jet_parallax_layout_animation_prop&quot;:&quot;transform&quot;,&quot;jet_parallax_layout_on&quot;:[&quot;desktop&quot;,&quot;tablet&quot;]}]}\">\n\t\t\t\t\t\t<div class=\"elementor-container elementor-column-gap-default\">\n\t\t\t\t\t<div class=\"elementor-column elementor-col-100 elementor-top-column elementor-element elementor-element-f76a809\" data-id=\"f76a809\" data-element_type=\"column\" data-settings=\"{&quot;background_background&quot;:&quot;classic&quot;}\">\n\t\t\t<div class=\"elementor-widget-wrap elementor-element-populated\">\n\t\t\t\t\t\t<div class=\"elementor-element elementor-element-7dcba76 elementor-widget elementor-widget-image\" data-id=\"7dcba76\" data-element_type=\"widget\" data-widget_type=\"image.default\">\n\t\t\t\t<div class=\"elementor-widget-container\">\n\t\t\t\t\t\t\t\t\t\t\t\t\t<img decoding=\"async\" src=\"https:\/\/www.kravmaga-klagenfurt.at\/site\/wp-content\/uploads\/elementor\/thumbs\/CLS06938-xx-ouzjcmjezae6h5f1r2tvc9hcos3wg6krecmf7n19e0.jpg\" title=\"CLS06938-xx\" alt=\"\" loading=\"lazy\" \/>\t\t\t\t\t\t\t\t\t\t\t\t\t<\/div>\n\t\t\t\t<\/div>\n\t\t\t\t<div class=\"elementor-element elementor-element-ad41926 elementor-widget-divider--view-line elementor-widget elementor-widget-divider\" data-id=\"ad41926\" data-element_type=\"widget\" data-widget_type=\"divider.default\">\n\t\t\t\t<div class=\"elementor-widget-container\">\n\t\t\t\t\t<div class=\"elementor-divider\">\n\t\t\t<span class=\"elementor-divider-separator\">\n\t\t\t\t\t\t<\/span>\n\t\t<\/div>\n\t\t\t\t<\/div>\n\t\t\t\t<\/div>\n\t\t\t\t<div class=\"elementor-element elementor-element-54d4a77 elementor-widget elementor-widget-heading\" data-id=\"54d4a77\" data-element_type=\"widget\" data-widget_type=\"heading.default\">\n\t\t\t\t<div class=\"elementor-widget-container\">\n\t\t\t<h4 class=\"elementor-heading-title elementor-size-default\">WAS IST KRAV MAGA ?<\/h4>\t\t<\/div>\n\t\t\t\t<\/div>\n\t\t\t\t<div class=\"elementor-element elementor-element-767f7b4 elementor-widget elementor-widget-text-editor\" data-id=\"767f7b4\" data-element_type=\"widget\" data-widget_type=\"text-editor.default\">\n\t\t\t\t<div class=\"elementor-widget-container\">\n\t\t\t\t\t\t\t<p>Krav Maga ist ein einfaches und \u00e4u\u00dferst wirkungsvolles Selbstverteidigungssystem, das auf instinktive Bewegungen, praktische Techniken und wirklichkeitsnahe Trainingsszenarien setzt. Krav Maga ist reine Selbstverteidigung und keine Kampfkunst oder Kampfsport. Aufgrund der au\u00dfergew\u00f6hnlichen Trainingsmethoden verschafft Krav Maga den trainierenden Personen ein zus\u00e4tzliches intensives Fitnesstraining.<\/p>\t\t\t\t\t\t<\/div>\n\t\t\t\t<\/div>\n\t\t\t\t<div class=\"elementor-element elementor-element-2af7640 elementor-widget elementor-widget-text-editor\" data-id=\"2af7640\" data-element_type=\"widget\" data-widget_type=\"text-editor.default\">\n\t\t\t\t<div class=\"elementor-widget-container\">\n\t\t\t\t\t\t\t<p><strong>Ursprung<\/strong>\u00a0<br \/>Krav Maga wurde von Imi Lichtenfeld in Bratislava in den fr\u00fchen 40er Jahren entwickelt. Nach seiner Flucht nach Pal\u00e4stina und der Gr\u00fcndung des Staates Israel wurde er Nahkampfausbilder der\u00a0 israelische Armee und unterrichtete dort Krav Maga. Krav Maga z\u00e4hlt heute zu den anerkanntesten und effektivsten Selbstverteidigungssystemen.<br \/>Krav Maga ist Bestandteil der Ausbildung der israelischen Sicherheitskr\u00e4fte, dem Milit\u00e4r, dem Mossad und der Polizei unterrichtet. Das System wurde entwickelt, um innerhalb k\u00fcrzester Zeit h\u00f6chstes Niveau zu erreichen und gewaltt\u00e4tige Situationen unter psychischem Druck zu meistern.<br \/>Krav Maga konzentriert sich auf die St\u00e4rkung von Selbstvertrauen, Verteidigungsbereitschaft und geistige sowie k\u00f6rperliche Fitness.<\/p><p>\u00a0<\/p>\t\t\t\t\t\t<\/div>\n\t\t\t\t<\/div>\n\t\t\t\t<div class=\"elementor-element elementor-element-f8fdd98 elementor-widget elementor-widget-text-editor\" data-id=\"f8fdd98\" data-element_type=\"widget\" data-widget_type=\"text-editor.default\">\n\t\t\t\t<div class=\"elementor-widget-container\">\n\t\t\t\t\t\t\t<p><strong>Merkmale von Krav Maga<\/strong>\u00a0<br \/>Krav Maga vereint Techniken aus den Bereichen Boxen, Kickboxen, Messerkampf, Stockkampf, Bodenkampf, Aikido, Karate, Judo, Jiu-Jitsu sowie einigen anderen Systemen. Krav Maga soll die nat\u00fcrlichen menschlichen Reflexe so schulen, dass sie in bedrohlichen Situationen jeglicher Art effektiv eingesetzt werden k\u00f6nnen. Bei Krav Maga m\u00fcssen keine speziellen Abl\u00e4ufe eingehalten werden; die gelernten Grundbewegungen werden lediglich mit anderen dynamischen Z\u00fcgen kombiniert. Diese Improvisationsfreiheit erlaubt es, sich der betreffenden Situation schnellstm\u00f6glich anzupassen.<\/p>\t\t\t\t\t\t<\/div>\n\t\t\t\t<\/div>\n\t\t\t\t<div class=\"elementor-element elementor-element-7fd0d1c elementor-widget elementor-widget-text-editor\" data-id=\"7fd0d1c\" data-element_type=\"widget\" data-widget_type=\"text-editor.default\">\n\t\t\t\t<div class=\"elementor-widget-container\">\n\t\t\t\t\t\t\t<p><strong>Wer kann Krav Maga erlernen?<br \/><\/strong>Krav Maga wurde entwickelt, um auch untrainierte Menschen innerhalb k\u00fcrzester Zeit auf ein hohes Niveau in der Selbstverteidigung zu bringen. Dadurch ist es, unabh\u00e4ngig von Alter und Geschlecht, f\u00fcr jeden prinzipiell erlernbar. Unterschiedliche k\u00f6rperliche Voraussetzungen sind kein Problem. Schlie\u00dflich kann auch jeder Opfer eines Angriffs werden.<\/p>\t\t\t\t\t\t<\/div>\n\t\t\t\t<\/div>\n\t\t\t\t<div class=\"elementor-element elementor-element-be39cd1 elementor-widget elementor-widget-text-editor\" data-id=\"be39cd1\" data-element_type=\"widget\" data-widget_type=\"text-editor.default\">\n\t\t\t\t<div class=\"elementor-widget-container\">\n\t\t\t\t\t\t\t<p><strong>Warum ist es sinnvoll Krav Maga zu erlernen?<\/strong>\u00a0<br \/>Durch das Erlernen eines Selbstverteidigungssystems werden verschiedene Dinge erreicht. Zun\u00e4chst hat man die M\u00f6glichkeit, sich gegen Aggressionen zur Wehr zu setzen. Dieses wiederum erh\u00f6ht das Selbstvertrauen. Man f\u00fchlt sich nicht hilflos allem ausgesetzt, was einem widerfahren kann. Die \u00dcberwindung der Angst und die damit gewonnene Selbstsicherheit erh\u00f6ht die Lebensqualit\u00e4t des Einzelnen. Man kann Gefahrensituationen realistischer einsch\u00e4tzen und wird in die Lage versetzt, in solchen Situationen vern\u00fcnftig, d.h. der Lage angepasst, zu reagieren. Dies trifft nicht nur f\u00fcr den Fall einer direkten Bedrohung zu. Auch im Falle der Hilfeleistung bei der Bedrohung anderer (was allgemein als Zivilcourage bezeichnet wird) leistet eine Ausbildung in Krav Maga eine wertvolle Hilfestellung.<br \/>Man lernt, Gefahrensituationen vern\u00fcnftig einzusch\u00e4tzen, und kann dann auch entscheiden, ob es sinnvoller ist, direkt einzugreifen oder die Polizei zu informieren. Man erlernt daher, besser und angemessener helfen zu k\u00f6nnen. Ein weiterer positiver Effekt ist, dass durch eine Schulung der Selbstverteidigungsf\u00e4higkeit die Wahrscheinlichkeit, selbst Opfer zu werden, sinkt. Die Erfahrung zeigt, dass Personen, die einen selbstsicheren Eindruck machen, seltener Opfer eines Gewaltverbrechens werden als andere. Sollte es jedoch trotzdem zu einer Notwehrsituation kommen, so hat diese Person realistische Chancen, unbeschadet aus der Situation herauszukommen.<\/p>\t\t\t\t\t\t<\/div>\n\t\t\t\t<\/div>\n\t\t\t\t\t<\/div>\n\t\t<\/div>\n\t\t\t\t\t<\/div>\n\t\t<\/section>\n\t\t\t\t<section class=\"elementor-section elementor-top-section elementor-element elementor-element-e634d58 elementor-section-boxed elementor-section-height-default elementor-section-height-default\" data-id=\"e634d58\" data-element_type=\"section\" data-settings=\"{&quot;jet_parallax_layout_list&quot;:[{&quot;jet_parallax_layout_image&quot;:{&quot;url&quot;:&quot;&quot;,&quot;id&quot;:&quot;&quot;,&quot;size&quot;:&quot;&quot;},&quot;_id&quot;:&quot;36a7caf&quot;,&quot;jet_parallax_layout_image_tablet&quot;:{&quot;url&quot;:&quot;&quot;,&quot;id&quot;:&quot;&quot;,&quot;size&quot;:&quot;&quot;},&quot;jet_parallax_layout_image_mobile&quot;:{&quot;url&quot;:&quot;&quot;,&quot;id&quot;:&quot;&quot;,&quot;size&quot;:&quot;&quot;},&quot;jet_parallax_layout_speed&quot;:{&quot;unit&quot;:&quot;%&quot;,&quot;size&quot;:50,&quot;sizes&quot;:[]},&quot;jet_parallax_layout_type&quot;:&quot;scroll&quot;,&quot;jet_parallax_layout_direction&quot;:null,&quot;jet_parallax_layout_fx_direction&quot;:null,&quot;jet_parallax_layout_z_index&quot;:&quot;&quot;,&quot;jet_parallax_layout_bg_x&quot;:50,&quot;jet_parallax_layout_bg_x_tablet&quot;:&quot;&quot;,&quot;jet_parallax_layout_bg_x_mobile&quot;:&quot;&quot;,&quot;jet_parallax_layout_bg_y&quot;:50,&quot;jet_parallax_layout_bg_y_tablet&quot;:&quot;&quot;,&quot;jet_parallax_layout_bg_y_mobile&quot;:&quot;&quot;,&quot;jet_parallax_layout_bg_size&quot;:&quot;auto&quot;,&quot;jet_parallax_layout_bg_size_tablet&quot;:&quot;&quot;,&quot;jet_parallax_layout_bg_size_mobile&quot;:&quot;&quot;,&quot;jet_parallax_layout_animation_prop&quot;:&quot;transform&quot;,&quot;jet_parallax_layout_on&quot;:[&quot;desktop&quot;,&quot;tablet&quot;]}]}\">\n\t\t\t\t\t\t<div class=\"elementor-container elementor-column-gap-default\">\n\t\t\t\t\t<div class=\"elementor-column elementor-col-100 elementor-top-column elementor-element elementor-element-737c494\" data-id=\"737c494\" data-element_type=\"column\">\n\t\t\t<div class=\"elementor-widget-wrap elementor-element-populated\">\n\t\t\t\t\t\t<div class=\"elementor-element elementor-element-1c958ab elementor-widget elementor-widget-spacer\" data-id=\"1c958ab\" data-element_type=\"widget\" data-widget_type=\"spacer.default\">\n\t\t\t\t<div class=\"elementor-widget-container\">\n\t\t\t\t\t<div class=\"elementor-spacer\">\n\t\t\t<div class=\"elementor-spacer-inner\"><\/div>\n\t\t<\/div>\n\t\t\t\t<\/div>\n\t\t\t\t<\/div>\n\t\t\t\t\t<\/div>\n\t\t<\/div>\n\t\t\t\t\t<\/div>\n\t\t<\/section>\n\t\t\t\t<\/div>\n\t\t","protected":false},"excerpt":{"rendered":"<p>KRav Maga WAS IST KRAV MAGA ? Krav Maga ist ein einfaches und \u00e4u\u00dferst wirkungsvolles Selbstverteidigungssystem, das auf instinktive Bewegungen, praktische Techniken und wirklichkeitsnahe Trainingsszenarien setzt. Krav Maga ist reine Selbstverteidigung und keine Kampfkunst oder Kampfsport. Aufgrund der au\u00dfergew\u00f6hnlichen Trainingsmethoden verschafft Krav Maga den trainierenden Personen ein zus\u00e4tzliches intensives Fitnesstraining. Ursprung&nbsp; Krav Maga wurde von [&hellip;]<\/p>\n","protected":false},"author":1,"featured_media":0,"parent":0,"menu_order":0,"comment_status":"closed","ping_status":"closed","template":"page-templates\/fullwidth-content.php","meta":{"footnotes":""},"class_list":["post-15","page","type-page","status-publish","hentry"],"_links":{"self":[{"href":"https:\/\/www.kravmaga-klagenfurt.at\/site\/wp-json\/wp\/v2\/pages\/15","targetHints":{"allow":["GET"]}}],"collection":[{"href":"https:\/\/www.kravmaga-klagenfurt.at\/site\/wp-json\/wp\/v2\/pages"}],"about":[{"href":"https:\/\/www.kravmaga-klagenfurt.at\/site\/wp-json\/wp\/v2\/types\/page"}],"author":[{"embeddable":true,"href":"https:\/\/www.kravmaga-klagenfurt.at\/site\/wp-json\/wp\/v2\/users\/1"}],"replies":[{"embeddable":true,"href":"https:\/\/www.kravmaga-klagenfurt.at\/site\/wp-json\/wp\/v2\/comments?post=15"}],"version-history":[{"count":1,"href":"https:\/\/www.kravmaga-klagenfurt.at\/site\/wp-json\/wp\/v2\/pages\/15\/revisions"}],"predecessor-version":[{"id":1171,"href":"https:\/\/www.kravmaga-klagenfurt.at\/site\/wp-json\/wp\/v2\/pages\/15\/revisions\/1171"}],"wp:attachment":[{"href":"https:\/\/www.kravmaga-klagenfurt.at\/site\/wp-json\/wp\/v2\/media?parent=15"}],"curies":[{"name":"wp","href":"https:\/\/api.w.org\/{rel}","templated":true}]}}